{"id":340,"date":"2019-09-12T11:27:35","date_gmt":"2019-09-12T09:27:35","guid":{"rendered":"https:\/\/www.sweet-classics.ch\/?page_id=340"},"modified":"2020-03-28T19:41:42","modified_gmt":"2020-03-28T18:41:42","slug":"restaurationen","status":"publish","type":"page","link":"https:\/\/www.sweet-classics.ch\/index.php\/restaurationen\/","title":{"rendered":"Restaurationen"},"content":{"rendered":"\n<p class=\"has-text-color has-very-dark-gray-color\">Wenn sie Ihren Oldtimer gerne Restaurieren w\u00fcrden, egal ob nur die Karrosserie, die Mechanik, das Interieur oder alles. Wir sind kompetent in diesen Bereichen und k\u00f6nnen verschiedene Varianten anbieten um die Preise an Ihr Budget anzugleichen.<\/p>\n\n\n\n<p class=\"has-text-color has-very-dark-gray-color\">Hier sehen sie die schon get\u00e4tigten Restaurationen, oder die noch im gang sind.<\/p>\n\n\n\n<style id=\"bwg-style-0\">    #bwg_container1_0 #bwg_container2_0 .bwg_album_extended_thumbnails_0 {      -moz-box-sizing: border-box;      box-sizing: border-box;      background-color: rgba(255, 255, 255, 0.00);      text-align: left;    }    #bwg_container1_0 #bwg_container2_0 .bwg-container-0.bwg-album-extended .bwg-extended-item {      display: flex;      flex-direction: row;      flex-wrap: wrap;      min-height: 200px;      border-bottom: 0px solid #E0E0E0;      background-color: rgba(250, 250, 250, 0.00);      border-radius: 14px;      margin: 20px 20px 0px 0px;      overflow: hidden;    }    #bwg_container1_0 #bwg_container2_0 .bwg-container-0.bwg-album-extended .bwg-extended-item0 {      margin: 0px 0px;      background-color: #FAFAFA;      border-radius: ;      border: 0px none #E8E8E8;      display: flex;      flex-direction: column;      padding: 14px;      justify-content: center;      max-width: 357px;    }    #bwg_container1_0 #bwg_container2_0 .bwg-container-0.bwg-album-extended .bwg-extended-item1 {      margin: 0px 0px;      background-color: #FAFAFA;      border-radius: 0;      border: 0px none #E8E8E8;      display: flex;      flex-direction: column;      border-collapse: collapse;      padding: 16px;      justify-content: start;    }    #bwg_container1_0 #bwg_container2_0 .bwg-container-0.bwg-album-extended .bwg_title_spun_0 {      border: 0px none #CCCCCC;      color: #000000;      display: block;      font-family: Ubuntu;      font-size: 22px;      font-weight: bold;      height: inherit;      margin-bottom: 0px;      padding: 0px 0px 0px 0px;      text-align: left;      vertical-align: middle;      width: 100%;    }    #bwg_container1_0 #bwg_container2_0 .bwg-container-0.bwg-album-extended .bwg_description_spun1_0 a {      color: #5C5C5C;      font-size: 16px;      font-weight: normal;      font-family: Ubuntu;    }    #bwg_container1_0 #bwg_container2_0 .bwg-container-0.bwg-album-extended .bwg_description_spun1_0 .bwg_description_short_0 p {      border: 0px none #CCCCCC;      display: inline-block;      color: #5C5C5C;      font-size: 16px;      font-weight: normal;      font-family: Ubuntu;      height: inherit;      padding: 0px 0px 0px 0px;      vertical-align: middle;      width: 100%;      word-wrap: break-word;      word-break: break-word;    }    #bwg_container1_0 #bwg_container2_0 .bwg-container-0.bwg-album-extended .bwg_description_spun1_0 * {      margin: 0;    }    #bwg_container1_0 #bwg_container2_0 .bwg-container-0.bwg-album-extended .bwg_description_spun2_0 {      float: left;    }    #bwg_container1_0 #bwg_container2_0 .bwg-container-0.bwg-album-extended .bwg_description_short_0 {      display: inline;    }    #bwg_container1_0 #bwg_container2_0 .bwg-container-0.bwg-album-extended .bwg_description_full {      display: none;    }    #bwg_container1_0 #bwg_container2_0 .bwg-container-0.bwg-album-extended .bwg_description_more_0 {      clear: both;      color: #007AFF;      cursor: pointer;      float: right;      font-size: 12px;      font-weight: normal;    }    #bwg_container1_0 #bwg_container2_0 .bwg-container-0.bwg-album-extended .bwg-item0 {      padding: 0px;      background-color: #FFFFFF;      border-radius: 10px;      border: 0px none #FAFAFA;      box-shadow: ;      margin: 0px;      opacity: 1.00;    }    #bwg_container1_0 #bwg_container2_0 .bwg-container-0.bwg-album-extended .bwg-item1 {      padding-top: 56%;    }          @media only screen and (min-width: 480px) {        #bwg_container1_0 #bwg_container2_0 .bwg-container-0.bwg-album-extended .bwg-item0 {                  }        #bwg_container1_0 #bwg_container2_0 .bwg-container-0.bwg-album-extended .bwg-item0:hover {          -ms-transform: none(1.03);          -webkit-transform: none(1.03);          transform: none(1.03);        }        #bwg_container1_0 #bwg_container2_0 .bwg-container-0.bwg-album-extended .bwg-item1 img:hover {          -ms-transform: none;          -webkit-transform: none;          transform: none;        }      }          #bwg_container1_0 #bwg_container2_0 .bwg-container-0.bwg-standard-thumbnails {      width: 1789px;              justify-content: center;        margin:0 auto !important;              background-color: rgba(255, 255, 255, 0.00);            padding-left: 4px;      padding-top: 4px;      max-width: 100%;            }        #bwg_container1_0 #bwg_container2_0 .bwg-container-0.bwg-standard-thumbnails .bwg-item {    justify-content: flex-start;      max-width: 357px;          }    #bwg_container1_0 #bwg_container2_0 .bwg-container-0.bwg-standard-thumbnails .bwg-item a {       margin-right: 4px;       margin-bottom: 4px;    }    #bwg_container1_0 #bwg_container2_0 .bwg-container-0.bwg-standard-thumbnails .bwg-item0 {      padding: 0px;            background-color:rgba(0,0,0, 0.30);      border: 0px none #CCCCCC;      opacity: 1.00;      border-radius: 0;      box-shadow: ;    }    #bwg_container1_0 #bwg_container2_0 .bwg-container-0.bwg-standard-thumbnails .bwg-item1 img {      max-height: none;      max-width: none;      padding: 0 !important;    }         @media only screen and (min-width: 480px) {\t\t#bwg_container1_0 #bwg_container2_0 .bwg-container-0.bwg-standard-thumbnails .bwg-item1 img {\t\t\t-webkit-transition: all .3s; transition: all .3s;\t\t}\t\t#bwg_container1_0 #bwg_container2_0 .bwg-container-0.bwg-standard-thumbnails .bwg-item1 img:hover {\t\t\t-ms-transform: scale(1.08);\t\t\t-webkit-transform: scale(1.08);\t\t\ttransform: scale(1.08);\t\t}\t\t      }\t    #bwg_container1_0 #bwg_container2_0 .bwg-container-0.bwg-standard-thumbnails .bwg-item1 {      padding-top: 56.302521008403%;    }        #bwg_container1_0 #bwg_container2_0 .bwg-container-0.bwg-standard-thumbnails .bwg-title2,    #bwg_container1_0 #bwg_container2_0 .bwg-container-0.bwg-standard-thumbnails .bwg-ecommerce2 {      color: #323A45;      font-family: Ubuntu;      font-size: 16px;      font-weight: bold;      padding: 2px;      text-shadow: ;      max-height: 100%;    }    #bwg_container1_0 #bwg_container2_0 .bwg-container-0.bwg-standard-thumbnails .bwg-thumb-description span {    color: #323A45;    font-family: Ubuntu;    font-size: 12px;    max-height: 100%;    word-wrap: break-word;    }    #bwg_container1_0 #bwg_container2_0 .bwg-container-0.bwg-standard-thumbnails .bwg-play-icon2 {      font-size: 32px;    }    #bwg_container1_0 #bwg_container2_0 .bwg-container-0.bwg-standard-thumbnails .bwg-ecommerce2 {      font-size: 19.2px;      color: #323A45;    }    <\/style>    <div id=\"bwg_container1_0\"         class=\"bwg_container bwg_thumbnail bwg_album_extended_preview bwg_thumbnail\"         data-right-click-protection=\"0\"         data-bwg=\"0\"         data-scroll=\"0\"         data-gallery-type=\"album_extended_preview\"         data-gallery-view-type=\"thumbnail\"         data-current-url=\"\/index.php\/wp-json\/wp\/v2\/pages\/340\"         data-lightbox-url=\"https:\/\/www.sweet-classics.ch\/wp-admin\/admin-ajax.php?action=GalleryBox&#038;current_view=0&#038;gallery_id=0&#038;tag=0&#038;theme_id=1&#038;shortcode_id=13&#038;sort_by=order&#038;order_by=asc&#038;current_url=%2Findex.php%2Fwp-json%2Fwp%2Fv2%2Fpages%2F340\"         data-gallery-id=\"0\"         data-popup-width=\"800\"         data-popup-height=\"500\"         data-is-album=\"album\"         data-buttons-position=\"bottom\">      <div id=\"bwg_container2_0\">             <div id=\"ajax_loading_0\" class=\"bwg_loading_div_1\">      <div class=\"bwg_loading_div_2\">        <div class=\"bwg_loading_div_3\">          <div id=\"loading_div_0\" class=\"bwg_spider_ajax_loading\">          <\/div>        <\/div>      <\/div>    <\/div>            <form id=\"gal_front_form_0\"              class=\"bwg-hidden\"              method=\"post\"              action=\"#\"              data-current=\"0\"              data-shortcode-id=\"13\"              data-gallery-type=\"album_extended_preview\"              data-gallery-id=\"0\"              data-tag=\"0\"              data-album-id=\"2\"              data-theme-id=\"1\"              data-ajax-url=\"https:\/\/www.sweet-classics.ch\/wp-admin\/admin-ajax.php?action=bwg_frontend_data\">          <div id=\"bwg_container3_0\" class=\"bwg-background bwg-background-0\">                  <div data-max-count=\"2\"           data-thumbnail-width=\"357\"           data-global-spacing=\"20px 20px 0px 0px\"           data-spacing=\"0\"           data-bwg=\"0\"           id=\"bwg_album_extended_0\"           class=\"bwg-album-extended bwg-border-box bwg-thumbnails bwg-container bwg-container-0 bwg-album-thumbnails bwg_album_extended_thumbnails_0\">                  <div class=\"bwg-extended-item\">            <div class=\"bwg-extended-item0\">              <a class=\"bwg-a bwg-album bwg_album_0\"                href='\/index.php\/wp-json\/wp\/v2\/pages\/340?type_0=album&#038;album_gallery_id_0=3'                 style=\"font-size: 0;\"                 data-bwg=\"0\"                 data-container_id=\"bwg_album_extended_0\"                 data-alb_gal_id=\"3\"                 data-def_type=\"album\"                 data-title=\"Datsun 240Z 1972\">                <div class=\"bwg-item0 bwg_album_thumb_0 \">                  <div class=\"bwg-item1 bwg_album_thumb_spun1_0\">                    <div class=\"bwg-item2\">                      <img decoding=\"async\" class=\"skip-lazy \"                           data-width=\"500.00\"                           data-height=\"136.00\"                           data-src=\"https:\/\/www.sweet-classics.ch\/wp-content\/uploads\/photo-gallery\/imported_from_media_libray\/thumb\/Both1.jpg?bwg=1568268006\"                           src=\"https:\/\/www.sweet-classics.ch\/wp-content\/uploads\/photo-gallery\/imported_from_media_libray\/thumb\/Both1.jpg?bwg=1568268006\"                           alt=\"Datsun 240Z 1972\"                           title=\"Datsun 240Z 1972\" \/>                    <\/div>                  <\/div>                <\/div>              <\/a>            <\/div>            <div class=\"bwg-extended-item1\">                              <a class=\"bwg-album bwg_album_0\"                   href='\/index.php\/wp-json\/wp\/v2\/pages\/340?type_0=album&#038;album_gallery_id_0=3'                   data-bwg=\"0\"                   data-container_id=\"bwg_album_extended_0\"                   data-alb_gal_id=\"3\"                   data-def_type=\"album\"                   data-title=\"Datsun 240Z 1972\">                  <span class=\"bwg_title_spun_0\">Datsun 240Z 1972<\/span>                <\/a>                                  <span class=\"bwg_description_spun1_0\">                <span class=\"bwg_description_short_0\">                  <p>Vollrestauration <\/p>                <\/span>              <\/span>                              <\/div>          <\/div>                <\/div>          <input type=\"hidden\" id=\"bwg_album_breadcrumb_0\" name=\"bwg_album_breadcrumb_0\" value='[{&quot;id&quot;:&quot;2&quot;,&quot;page&quot;:1}]' \/>    <style>      \/*pagination styles*\/      #bwg_container1_0 #bwg_container2_0 .tablenav-pages_0 {\t\t\t\ttext-align: center;\t\t\t\tfont-size: 12px;\t\t\t\tfont-family: Ubuntu;\t\t\t\tfont-weight: bold;\t\t\t\tcolor: #666666;\t\t\t\tmargin: 6px 0 4px;\t\t\t\tdisplay: block;      }      @media only screen and (max-width : 320px) {      #bwg_container1_0 #bwg_container2_0 .displaying-num_0 {     \t display: none;      }      }      #bwg_container1_0 #bwg_container2_0 .displaying-num_0 {\t\t\t\tfont-size: 12px;\t\t\t\tfont-family: Ubuntu;\t\t\t\tfont-weight: bold;\t\t\t\tcolor: #666666;\t\t\t\tmargin-right: 10px;\t\t\t\tvertical-align: middle;      }      #bwg_container1_0 #bwg_container2_0 .paging-input_0 {\t\t\t\tfont-size: 12px;\t\t\t\tfont-family: Ubuntu;\t\t\t\tfont-weight: bold;\t\t\t\tcolor: #666666;\t\t\t\tvertical-align: middle;      }      #bwg_container1_0 #bwg_container2_0 .tablenav-pages_0 a.disabled,      #bwg_container1_0 #bwg_container2_0 .tablenav-pages_0 a.disabled:hover,      #bwg_container1_0 #bwg_container2_0 .tablenav-pages_0 a.disabled:focus,\t\t\t#bwg_container1_0 #bwg_container2_0 .tablenav-pages_0 input.bwg_current_page {\t\t\t\tcursor: default;\t\t\t\tcolor: rgba(102, 102, 102, 0.5);      }      #bwg_container1_0 #bwg_container2_0 .tablenav-pages_0 a,      #bwg_container1_0 #bwg_container2_0 .tablenav-pages_0 input.bwg_current_page {\t\t\t\tcursor: pointer;\t\t\t\ttext-align: center;\t\t\t\tfont-size: 12px;\t\t\t\tfont-family: Ubuntu;\t\t\t\tfont-weight: bold;\t\t\t\tcolor: #666666;\t\t\t\ttext-decoration: none;\t\t\t\tpadding: 3px 6px;\t\t\t\tmargin: 0;\t\t\t\tborder-radius: 0;\t\t\t\tborder-style: solid;\t\t\t\tborder-width: 1px;\t\t\t\tborder-color: #E3E3E3;\t\t\t\t\t\t\t\tbackground-color: rgba(255, 255, 255, 1.00);\t\t\t\tbox-shadow: 0;\t\t\t\ttransition: all 0.3s ease 0s;-webkit-transition: all 0.3s ease 0s;      }      <\/style>      <span class=\"bwg_nav_cont_0\">              <div class=\"tablenav-pages_0\">                  <\/div>                <input type=\"hidden\" id=\"page_number_0\" name=\"page_number_0\" value=\"1\" \/>      <script type=\"text\/javascript\">        if( jQuery('.bwg_nav_cont_0').length > 1 ) {          jQuery('.bwg_nav_cont_0').first().remove()        }        function spider_page_0(cur, x, y, load_more) {          if (typeof load_more == \"undefined\") {            var load_more = false;          }          if (jQuery(cur).hasClass('disabled')) {            return false;          }          var items_county_0 = 1;          switch (y) {            case 1:              if (x >= items_county_0) {                document.getElementById('page_number_0').value = items_county_0;              }              else {                document.getElementById('page_number_0').value = x + 1;              }              break;            case 2:              document.getElementById('page_number_0').value = items_county_0;              break;            case -1:              if (x == 1) {                document.getElementById('page_number_0').value = 1;              }              else {                document.getElementById('page_number_0').value = x - 1;              }              break;            case -2:              document.getElementById('page_number_0').value = 1;              break;\t\t\t\t\t\tcase 0:              document.getElementById('page_number_0').value = x;              break;            default:              document.getElementById('page_number_0').value = 1;          }          bwg_ajax('gal_front_form_0', '0', 'bwg_album_extended_0', '2', '', 'album', 0, '', '', load_more, '', 1);        }        \t\t\t\t\/* Change page on input enter. *\/        function bwg_change_page_0( e, that ) {          if (  e.key == 'Enter' ) {            var to_page = parseInt(jQuery(that).val());            var pages_count = jQuery(that).parents(\".pagination-links\").data(\"pages-count\");            var current_url_param = jQuery(that).attr('data-url-info');            if (to_page > pages_count) {              to_page = 1;            }\t \t\t\t\t\t            \tvar url= new URL(window.parent.location);\t\t\t\t\t\t\tvar searchParams = new URLSearchParams(url.search);           \t \tif(searchParams != \"\"){                var get_page_number = searchParams.get(current_url_param);                searchParams.set(current_url_param, to_page);                var new_url = searchParams.toString();              }           \t \telse {                var new_url = current_url_param + \"=\" + to_page;              }\t\t\t\t\t\t\twindow.location.replace(\"?\" + new_url);\t\t\t\t\t\t\treturn false;\t\t  \t\t\t          }          return true;        }        jQuery('.bwg_load_btn_0').on('click', function () {            spider_page_0(this, 1, 1, true);            return false;        });      <\/script>      <\/span>                <\/div>        <\/form>        <style>          #bwg_container1_0 #bwg_container2_0 #spider_popup_overlay_0 {          background-color: #EEEEEE;          opacity: 0.60;          }          <\/style>        <div id=\"bwg_spider_popup_loading_0\" class=\"bwg_spider_popup_loading\"><\/div>        <div id=\"spider_popup_overlay_0\" class=\"spider_popup_overlay\" onclick=\"spider_destroypopup(1000)\"><\/div>        <input type=\"hidden\" id=\"bwg_random_seed_0\" value=\"856013571\">                <\/div>    <\/div>    <script>      if (document.readyState === 'complete') {        if( typeof bwg_main_ready == 'function' ) {          if ( jQuery(\"#bwg_container1_0\").height() ) {            bwg_main_ready(jQuery(\"#bwg_container1_0\"));          }        }      } else {        document.addEventListener('DOMContentLoaded', function() {          if( typeof bwg_main_ready == 'function' ) {            if ( jQuery(\"#bwg_container1_0\").height() ) {             bwg_main_ready(jQuery(\"#bwg_container1_0\"));            }          }        });      }    <\/script>    \n","protected":false},"excerpt":{"rendered":"<p>Wenn sie Ihren Oldtimer gerne Restaurieren w\u00fcrden, egal ob nur die Karrosserie, die Mechanik, das Interieur oder alles. Wir sind kompetent in diesen Bereichen und k\u00f6nnen verschiedene Varianten anbieten um die Preise an Ihr Budget anzugleichen. Hier sehen sie die schon get\u00e4tigten Restaurationen, oder die noch im gang sind.<\/p>\n","protected":false},"author":1,"featured_media":0,"parent":0,"menu_order":0,"comment_status":"closed","ping_status":"closed","template":"","meta":{"footnotes":""},"_links":{"self":[{"href":"https:\/\/www.sweet-classics.ch\/index.php\/wp-json\/wp\/v2\/pages\/340"}],"collection":[{"href":"https:\/\/www.sweet-classics.ch\/index.php\/wp-json\/wp\/v2\/pages"}],"about":[{"href":"https:\/\/www.sweet-classics.ch\/index.php\/wp-json\/wp\/v2\/types\/page"}],"author":[{"embeddable":true,"href":"https:\/\/www.sweet-classics.ch\/index.php\/wp-json\/wp\/v2\/users\/1"}],"replies":[{"embeddable":true,"href":"https:\/\/www.sweet-classics.ch\/index.php\/wp-json\/wp\/v2\/comments?post=340"}],"version-history":[{"count":5,"href":"https:\/\/www.sweet-classics.ch\/index.php\/wp-json\/wp\/v2\/pages\/340\/revisions"}],"predecessor-version":[{"id":439,"href":"https:\/\/www.sweet-classics.ch\/index.php\/wp-json\/wp\/v2\/pages\/340\/revisions\/439"}],"wp:attachment":[{"href":"https:\/\/www.sweet-classics.ch\/index.php\/wp-json\/wp\/v2\/media?parent=340"}],"curies":[{"name":"wp","href":"https:\/\/api.w.org\/{rel}","templated":true}]}}