{"id":128,"date":"2019-08-18T06:17:38","date_gmt":"2019-08-18T04:17:38","guid":{"rendered":"https:\/\/mu.datact.ch\/?page_id=128"},"modified":"2020-03-28T19:29:19","modified_gmt":"2020-03-28T18:29:19","slug":"ihr-wunsch","status":"publish","type":"page","link":"https:\/\/www.sweet-classics.ch\/index.php\/ihr-wunsch\/","title":{"rendered":"Ihr Wunsch"},"content":{"rendered":"\n<h5 class=\"wp-block-heading\">Sie suchen einen Oldtimer in der Schweiz\/Europa finden aber nicht was Sie wollen.<\/h5>\n\n\n\n<p class=\"has-text-color has-very-dark-gray-color\">Wir sind sowieso mehrere male im Jahr in Kanada um Autos zu kaufen und k\u00f6nnen f\u00fcr Sie die Suche aufnehmen.    Im Folgendem Formular k\u00f6nnen Sie Ihre W\u00fcnsche gerne schriftlich an uns abgeben. Wir melden uns dann  schnellstm\u00f6glich bei Ihnen. <\/p>\n\n\n\n<div class=\"wpcf7 no-js\" id=\"wpcf7-f126-o1\" lang=\"de-CH\" dir=\"ltr\">\n<div class=\"screen-reader-response\"><p role=\"status\" aria-live=\"polite\" aria-atomic=\"true\"><\/p> <ul><\/ul><\/div>\n<form action=\"\/index.php\/wp-json\/wp\/v2\/pages\/128#wpcf7-f126-o1\" method=\"post\" class=\"wpcf7-form init\" aria-label=\"Contact form\" novalidate=\"novalidate\" data-status=\"init\">\n<div style=\"display: none;\">\n<input type=\"hidden\" name=\"_wpcf7\" value=\"126\" \/>\n<input type=\"hidden\" name=\"_wpcf7_version\" value=\"5.9.3\" \/>\n<input type=\"hidden\" name=\"_wpcf7_locale\" value=\"de_CH\" \/>\n<input type=\"hidden\" name=\"_wpcf7_unit_tag\" value=\"wpcf7-f126-o1\" \/>\n<input type=\"hidden\" name=\"_wpcf7_container_post\" value=\"0\" \/>\n<input type=\"hidden\" name=\"_wpcf7_posted_data_hash\" value=\"\" \/>\n<\/div>\n<p><label> Ihr Name (erforderlich)<br \/>\n<span class=\"wpcf7-form-control-wrap\" data-name=\"your-name\"><input size=\"40\" class=\"wpcf7-form-control wpcf7-text wpcf7-validates-as-required\" aria-required=\"true\" aria-invalid=\"false\" value=\"\" type=\"text\" name=\"your-name\" \/><\/span> <\/label>\n<\/p>\n<p><label> Ihre E-Mail (erforderlich)<br \/>\n<span class=\"wpcf7-form-control-wrap\" data-name=\"your-email\"><input size=\"40\" class=\"wpcf7-form-control wpcf7-email wpcf7-validates-as-required wpcf7-text wpcf7-validates-as-email\" aria-required=\"true\" aria-invalid=\"false\" value=\"\" type=\"email\" name=\"your-email\" \/><\/span> <\/label>\n<\/p>\n<p><label> Sie Suchen...<br \/>\n<span class=\"wpcf7-form-control-wrap\" data-name=\"your-subject\"><input size=\"40\" class=\"wpcf7-form-control wpcf7-text\" aria-invalid=\"false\" value=\"\" type=\"text\" name=\"your-subject\" \/><\/span> <\/label>\n<\/p>\n<p><label> Ihre Beschreibung des gew\u00fcnschten Oldtimers mit Angaben des Alters und evtl. Preisbereich<br \/>\n<span class=\"wpcf7-form-control-wrap\" data-name=\"your-message\"><textarea cols=\"40\" rows=\"10\" class=\"wpcf7-form-control wpcf7-textarea\" aria-invalid=\"false\" name=\"your-message\"><\/textarea><\/span> <\/label>\n<\/p>\n<p><label> Spamschutz... muss leider komplexer sein, da viel Spam.<br \/>\n<span class=\"wpcf7-form-control-wrap\" data-name=\"quiz-673\"><label><span class=\"wpcf7-quiz-label\">8+2 und dann um 2 erh\u00f6hen=<\/span> <input size=\"40\" class=\"wpcf7-form-control wpcf7-quiz\" autocomplete=\"off\" aria-required=\"true\" aria-invalid=\"false\" type=\"text\" name=\"quiz-673\" \/><\/label><input type=\"hidden\" name=\"_wpcf7_quiz_answer_quiz-673\" value=\"583b89ae569bd10a72dee01699cc4a7a\" \/><\/span><\/label>\n<\/p>\n<p><input class=\"wpcf7-form-control wpcf7-submit has-spinner\" type=\"submit\" value=\"Senden\" \/>\n<\/p><div class=\"wpcf7-response-output\" aria-hidden=\"true\"><\/div>\n<\/form>\n<\/div>\n\n","protected":false},"excerpt":{"rendered":"<p>Sie suchen einen Oldtimer in der Schweiz\/Europa finden aber nicht was Sie wollen. Wir sind sowieso mehrere male im Jahr in Kanada um Autos zu kaufen und k\u00f6nnen f\u00fcr Sie die Suche aufnehmen. Im Folgendem Formular k\u00f6nnen Sie Ihre W\u00fcnsche gerne schriftlich an uns abgeben. Wir melden uns dann schnellstm\u00f6glich bei Ihnen.<\/p>\n","protected":false},"author":1,"featured_media":0,"parent":0,"menu_order":0,"comment_status":"closed","ping_status":"closed","template":"","meta":{"footnotes":""},"_links":{"self":[{"href":"https:\/\/www.sweet-classics.ch\/index.php\/wp-json\/wp\/v2\/pages\/128"}],"collection":[{"href":"https:\/\/www.sweet-classics.ch\/index.php\/wp-json\/wp\/v2\/pages"}],"about":[{"href":"https:\/\/www.sweet-classics.ch\/index.php\/wp-json\/wp\/v2\/types\/page"}],"author":[{"embeddable":true,"href":"https:\/\/www.sweet-classics.ch\/index.php\/wp-json\/wp\/v2\/users\/1"}],"replies":[{"embeddable":true,"href":"https:\/\/www.sweet-classics.ch\/index.php\/wp-json\/wp\/v2\/comments?post=128"}],"version-history":[{"count":4,"href":"https:\/\/www.sweet-classics.ch\/index.php\/wp-json\/wp\/v2\/pages\/128\/revisions"}],"predecessor-version":[{"id":434,"href":"https:\/\/www.sweet-classics.ch\/index.php\/wp-json\/wp\/v2\/pages\/128\/revisions\/434"}],"wp:attachment":[{"href":"https:\/\/www.sweet-classics.ch\/index.php\/wp-json\/wp\/v2\/media?parent=128"}],"curies":[{"name":"wp","href":"https:\/\/api.w.org\/{rel}","templated":true}]}}